{"id":26,"date":"2021-01-13T11:55:14","date_gmt":"2021-01-13T11:55:14","guid":{"rendered":"https:\/\/www.asalimpiezas.com\/?page_id=26"},"modified":"2021-01-15T11:24:40","modified_gmt":"2021-01-15T11:24:40","slug":"nuestros-servicios","status":"publish","type":"page","link":"https:\/\/www.asalimpiezas.com\/index.php\/nuestros-servicios\/","title":{"rendered":""},"content":{"rendered":"\n<div class=\"wp-block-columns is-layout-flex wp-container-core-columns-is-layout-9d6595d7 wp-block-columns-is-layout-flex\">\n<div class=\"wp-block-column is-layout-flow wp-block-column-is-layout-flow\">\n<figure class=\"wp-block-image size-large\"><img loading=\"lazy\" decoding=\"async\" width=\"900\" height=\"900\" src=\"https:\/\/www.asalimpiezas.com\/wp-content\/uploads\/2021\/01\/96084296_3401509469883145_5959783382563946496_n.jpg\" alt=\"\" class=\"wp-image-33\" srcset=\"https:\/\/www.asalimpiezas.com\/wp-content\/uploads\/2021\/01\/96084296_3401509469883145_5959783382563946496_n.jpg 900w, https:\/\/www.asalimpiezas.com\/wp-content\/uploads\/2021\/01\/96084296_3401509469883145_5959783382563946496_n-300x300.jpg 300w, https:\/\/www.asalimpiezas.com\/wp-content\/uploads\/2021\/01\/96084296_3401509469883145_5959783382563946496_n-150x150.jpg 150w, https:\/\/www.asalimpiezas.com\/wp-content\/uploads\/2021\/01\/96084296_3401509469883145_5959783382563946496_n-768x768.jpg 768w\" sizes=\"auto, (max-width: 900px) 100vw, 900px\" \/><\/figure>\n\n\n\n<h3 class=\"wp-block-heading\">DESINFECCI\u00d3N CON OZONO<\/h3>\n\n\n\n<p class=\"has-text-align-left\">El tratamiento de limpieza y desinfecci\u00f3n con Ozono garantiza la <strong>eliminaci\u00f3n de todo tipo de virus<\/strong>, bacterias, hongos, al\u00e9rgenos y agentes contaminantes; as\u00ed como tambi\u00e9n, la <strong>purificaci\u00f3n <\/strong>del aire y la <strong>eliminaci\u00f3n de olores<\/strong> de todo tipo.<\/p>\n\n\n\n<p class=\"has-text-align-left\">Tratamiento de desinfecci\u00f3n de ambientes interiores y superficies, evitando utilizar productos qu\u00edmicos y respetando el medio ambiente.<\/p>\n\n\n\n<p class=\"has-text-align-left\">Su uso es altamente recomendable para hoteles, residencias geri\u00e1tricas, restaurantes, guarder\u00edas, bares, locales comerciales, etc&#8230;<\/p>\n\n\n\n<p class=\"has-text-align-left\">Seg\u00fan la OMS, es el desinfectante m\u00e1s r\u00e1pido y efectivo para combatir los microorganismos.<\/p>\n<\/div>\n\n\n\n<div class=\"wp-block-column is-layout-flow wp-block-column-is-layout-flow\">\n<figure class=\"wp-block-image size-large\"><img loading=\"lazy\" decoding=\"async\" width=\"600\" height=\"600\" src=\"https:\/\/www.asalimpiezas.com\/wp-content\/uploads\/2021\/01\/95576322_3203681349666145_967249540119789568_n.jpg\" alt=\"\" class=\"wp-image-34\" srcset=\"https:\/\/www.asalimpiezas.com\/wp-content\/uploads\/2021\/01\/95576322_3203681349666145_967249540119789568_n.jpg 600w, https:\/\/www.asalimpiezas.com\/wp-content\/uploads\/2021\/01\/95576322_3203681349666145_967249540119789568_n-300x300.jpg 300w, https:\/\/www.asalimpiezas.com\/wp-content\/uploads\/2021\/01\/95576322_3203681349666145_967249540119789568_n-150x150.jpg 150w\" sizes=\"auto, (max-width: 600px) 100vw, 600px\" \/><\/figure>\n\n\n\n<h3 class=\"wp-block-heading\">LIMPIEZA DE VIVIENDAS<\/h3>\n\n\n\n<p>Sabemos lo importante que es tener tiempo libre y por eso ofrecemos el servicio de limpieza a domicilio tanto para <strong>trabajos puntuales<\/strong> como para un <strong>mantenimiento peri\u00f3dico<\/strong> de la limpieza de su hogar.<\/p>\n\n\n\n<p>Nos encargamos de la limpieza de esas zonas del hogar que dan tanto trabajo como la cocina, limpieza de cuartos ba\u00f1o, cristales, garajes, jardines, etc.<\/p>\n\n\n\n<p>Contamos con profesionales cualificados y con experiencia que le dar\u00e1n un servicio de total confianza con el que quedar\u00e1 <strong>totalmente satisfecho<\/strong>.<\/p>\n<\/div>\n\n\n\n<div class=\"wp-block-column is-layout-flow wp-block-column-is-layout-flow\">\n<figure class=\"wp-block-image size-large\"><img loading=\"lazy\" decoding=\"async\" width=\"600\" height=\"600\" src=\"https:\/\/www.asalimpiezas.com\/wp-content\/uploads\/2021\/01\/95590279_3051673318209390_8737312417622523904_n.jpg\" alt=\"\" class=\"wp-image-35\" srcset=\"https:\/\/www.asalimpiezas.com\/wp-content\/uploads\/2021\/01\/95590279_3051673318209390_8737312417622523904_n.jpg 600w, https:\/\/www.asalimpiezas.com\/wp-content\/uploads\/2021\/01\/95590279_3051673318209390_8737312417622523904_n-300x300.jpg 300w, https:\/\/www.asalimpiezas.com\/wp-content\/uploads\/2021\/01\/95590279_3051673318209390_8737312417622523904_n-150x150.jpg 150w\" sizes=\"auto, (max-width: 600px) 100vw, 600px\" \/><\/figure>\n\n\n\n<h3 class=\"wp-block-heading\">LIMPIEZA DE CRISTALES<\/h3>\n\n\n\n<p>Ofrecemos un servicio de limpieza de cristales para cualquier tipo de negocio o empresa. Mantener los cristales limpios no solo da una <strong>buena imagen<\/strong> de cara al p\u00fablico sino que tambi\u00e9n dota al establecimiento de una luz apropiada y un ambiente agradable.<\/p>\n\n\n\n<p>Ofrecemos nuestro servicio de <strong>limpieza de cristales y escaparates<\/strong>, tanto exterior como interior y nos adaptamos a sus necesidades y la frecuencia que necesite.<\/p>\n\n\n\n<p>P\u00f3ngase en contacto con nosotros para realizar un <strong>presupuesto <\/strong>espec\u00edfico a sus necesidades.<\/p>\n<\/div>\n<\/div>\n\n\n\n<div class=\"wp-block-columns is-layout-flex wp-container-core-columns-is-layout-9d6595d7 wp-block-columns-is-layout-flex\">\n<div class=\"wp-block-column is-layout-flow wp-block-column-is-layout-flow\">\n<figure class=\"wp-block-image size-large\"><img loading=\"lazy\" decoding=\"async\" width=\"600\" height=\"600\" src=\"https:\/\/www.asalimpiezas.com\/wp-content\/uploads\/2021\/01\/95316922_3822722961134320_4448462946053390336_n.jpg\" alt=\"\" class=\"wp-image-36\" srcset=\"https:\/\/www.asalimpiezas.com\/wp-content\/uploads\/2021\/01\/95316922_3822722961134320_4448462946053390336_n.jpg 600w, https:\/\/www.asalimpiezas.com\/wp-content\/uploads\/2021\/01\/95316922_3822722961134320_4448462946053390336_n-300x300.jpg 300w, https:\/\/www.asalimpiezas.com\/wp-content\/uploads\/2021\/01\/95316922_3822722961134320_4448462946053390336_n-150x150.jpg 150w\" sizes=\"auto, (max-width: 600px) 100vw, 600px\" \/><\/figure>\n\n\n\n<h3 class=\"wp-block-heading\">LIMPIEZA DE LOCALES<\/h3>\n\n\n\n<p>La imagen que de su negocio es muy importante y sabemos que no siempre se dispone del tiempo ni de los medios para mantener todo limpio y ordenado.<\/p>\n\n\n\n<p>Nuestra empresa se compromete a realizar estas tareas para que su negocio <strong>no decepcione a sus clientes<\/strong>.<\/p>\n\n\n\n<p>Ofrecemos distintos servicios de <strong>mantenimiento y limpieza de locales comerciales<\/strong>, independientemente del tipo de negocio y tama\u00f1o, trabajando grandes superficies comerciales o peque\u00f1os negocios y tiendas.<\/p>\n<\/div>\n\n\n\n<div class=\"wp-block-column is-layout-flow wp-block-column-is-layout-flow\">\n<figure class=\"wp-block-image size-large\"><img loading=\"lazy\" decoding=\"async\" width=\"600\" height=\"600\" src=\"https:\/\/www.asalimpiezas.com\/wp-content\/uploads\/2021\/01\/95713066_2962160100505279_5151664828892315648_n.jpg\" alt=\"\" class=\"wp-image-37\" srcset=\"https:\/\/www.asalimpiezas.com\/wp-content\/uploads\/2021\/01\/95713066_2962160100505279_5151664828892315648_n.jpg 600w, https:\/\/www.asalimpiezas.com\/wp-content\/uploads\/2021\/01\/95713066_2962160100505279_5151664828892315648_n-300x300.jpg 300w, https:\/\/www.asalimpiezas.com\/wp-content\/uploads\/2021\/01\/95713066_2962160100505279_5151664828892315648_n-150x150.jpg 150w\" sizes=\"auto, (max-width: 600px) 100vw, 600px\" \/><\/figure>\n\n\n\n<h3 class=\"wp-block-heading\">LIMPIEZA DE OFICINAS<\/h3>\n\n\n\n<p>Una oficina limpia y ordenada es fundamental para que los empleados y el equipo, en general, rindan al m\u00e1ximo en un <strong>entorno agradable, limpio, ordenado e higi\u00e9nico<\/strong>.<\/p>\n\n\n\n<p>El servicio de limpieza de oficinas se convierte en algo <strong>imprescindible <\/strong>para el <strong>perfecto funcionamiento de un negocio<\/strong> y ya que cada oficina es distinta y presenta diferentes caracter\u00edsticas, ofrecemos <strong>planes <\/strong>de mantenimiento seg\u00fan las especificaciones concretas de cada oficina.<\/p>\n<\/div>\n\n\n\n<div class=\"wp-block-column is-layout-flow wp-block-column-is-layout-flow\">\n<figure class=\"wp-block-image size-large\"><img loading=\"lazy\" decoding=\"async\" width=\"512\" height=\"512\" src=\"https:\/\/www.asalimpiezas.com\/wp-content\/uploads\/2021\/01\/95606593_2886106994772019_1651838353252810752_n.jpg\" alt=\"\" class=\"wp-image-38\" srcset=\"https:\/\/www.asalimpiezas.com\/wp-content\/uploads\/2021\/01\/95606593_2886106994772019_1651838353252810752_n.jpg 512w, https:\/\/www.asalimpiezas.com\/wp-content\/uploads\/2021\/01\/95606593_2886106994772019_1651838353252810752_n-300x300.jpg 300w, https:\/\/www.asalimpiezas.com\/wp-content\/uploads\/2021\/01\/95606593_2886106994772019_1651838353252810752_n-150x150.jpg 150w\" sizes=\"auto, (max-width: 512px) 100vw, 512px\" \/><\/figure>\n\n\n\n<h3 class=\"wp-block-heading\">LIMPIEZA DE COMUNIDADES<\/h3>\n\n\n\n<p>Una comunidad de vecinos es un lugar de tr\u00e1nsito continuo tanto de personas como de animales por lo que es <strong>importante <\/strong>mantener una frecuencia de limpieza para asegurar la higiene y <strong>desinfecci\u00f3n total<\/strong>.<\/p>\n\n\n\n<p>El presupuesto de limpieza de comunidades de vecinos, se <strong>ajusta <\/strong>a las necesidades concretas de cada comunidad, cubriendo la limpieza de todas sus zonas.<\/p>\n\n\n\n<p>Nuestro servicio de Limpieza de Comunidades es un servicio integral para urbanizaciones, edificios, portales y comunidades de <strong>cualquier tama\u00f1o<\/strong>.<\/p>\n<\/div>\n<\/div>\n\n\n\n<p><\/p>\n","protected":false},"excerpt":{"rendered":"<p>DESINFECCI\u00d3N CON OZONO El tratamiento de limpieza y desinfecci\u00f3n con Ozono garantiza la eliminaci\u00f3n de todo tipo de virus, bacterias, hongos, al\u00e9rgenos y agentes contaminantes; as\u00ed como tambi\u00e9n, la purificaci\u00f3n &#8230;<\/p>\n","protected":false},"author":1,"featured_media":0,"parent":0,"menu_order":0,"comment_status":"closed","ping_status":"closed","template":"","meta":{"footnotes":""},"class_list":["post-26","page","type-page","status-publish","hentry"],"yoast_head":"<!-- This site is optimized with the Yoast SEO plugin v27.4 - https:\/\/yoast.com\/product\/yoast-seo-wordpress\/ -->\n<title>- ASA Limpiezas<\/title>\n<meta name=\"robots\" content=\"noindex, follow\" \/>\n<meta property=\"og:locale\" content=\"es_ES\" \/>\n<meta property=\"og:type\" content=\"article\" \/>\n<meta property=\"og:title\" content=\"- ASA Limpiezas\" \/>\n<meta property=\"og:description\" content=\"DESINFECCI\u00d3N CON OZONO El tratamiento de limpieza y desinfecci\u00f3n con Ozono garantiza la eliminaci\u00f3n de todo tipo de virus, bacterias, hongos, al\u00e9rgenos y agentes contaminantes; as\u00ed como tambi\u00e9n, la purificaci\u00f3n ...\" \/>\n<meta property=\"og:url\" content=\"https:\/\/www.asalimpiezas.com\/index.php\/nuestros-servicios\/\" \/>\n<meta property=\"og:site_name\" content=\"ASA Limpiezas\" \/>\n<meta property=\"article:modified_time\" content=\"2021-01-15T11:24:40+00:00\" \/>\n<meta property=\"og:image\" content=\"https:\/\/www.asalimpiezas.com\/wp-content\/uploads\/2021\/01\/96084296_3401509469883145_5959783382563946496_n.jpg\" \/>\n\t<meta property=\"og:image:width\" content=\"900\" \/>\n\t<meta property=\"og:image:height\" content=\"900\" \/>\n\t<meta property=\"og:image:type\" content=\"image\/jpeg\" \/>\n<meta name=\"twitter:card\" content=\"summary_large_image\" \/>\n<meta name=\"twitter:label1\" content=\"Tiempo de lectura\" \/>\n\t<meta name=\"twitter:data1\" content=\"3 minutos\" \/>\n<script type=\"application\/ld+json\" class=\"yoast-schema-graph\">{\"@context\":\"https:\\\/\\\/schema.org\",\"@graph\":[{\"@type\":\"WebPage\",\"@id\":\"https:\\\/\\\/www.asalimpiezas.com\\\/index.php\\\/nuestros-servicios\\\/\",\"url\":\"https:\\\/\\\/www.asalimpiezas.com\\\/index.php\\\/nuestros-servicios\\\/\",\"name\":\"- ASA Limpiezas\",\"isPartOf\":{\"@id\":\"https:\\\/\\\/www.asalimpiezas.com\\\/#website\"},\"primaryImageOfPage\":{\"@id\":\"https:\\\/\\\/www.asalimpiezas.com\\\/index.php\\\/nuestros-servicios\\\/#primaryimage\"},\"image\":{\"@id\":\"https:\\\/\\\/www.asalimpiezas.com\\\/index.php\\\/nuestros-servicios\\\/#primaryimage\"},\"thumbnailUrl\":\"https:\\\/\\\/www.asalimpiezas.com\\\/wp-content\\\/uploads\\\/2021\\\/01\\\/96084296_3401509469883145_5959783382563946496_n.jpg\",\"datePublished\":\"2021-01-13T11:55:14+00:00\",\"dateModified\":\"2021-01-15T11:24:40+00:00\",\"inLanguage\":\"es\",\"potentialAction\":[{\"@type\":\"ReadAction\",\"target\":[\"https:\\\/\\\/www.asalimpiezas.com\\\/index.php\\\/nuestros-servicios\\\/\"]}]},{\"@type\":\"ImageObject\",\"inLanguage\":\"es\",\"@id\":\"https:\\\/\\\/www.asalimpiezas.com\\\/index.php\\\/nuestros-servicios\\\/#primaryimage\",\"url\":\"https:\\\/\\\/www.asalimpiezas.com\\\/wp-content\\\/uploads\\\/2021\\\/01\\\/96084296_3401509469883145_5959783382563946496_n.jpg\",\"contentUrl\":\"https:\\\/\\\/www.asalimpiezas.com\\\/wp-content\\\/uploads\\\/2021\\\/01\\\/96084296_3401509469883145_5959783382563946496_n.jpg\",\"width\":900,\"height\":900},{\"@type\":\"WebSite\",\"@id\":\"https:\\\/\\\/www.asalimpiezas.com\\\/#website\",\"url\":\"https:\\\/\\\/www.asalimpiezas.com\\\/\",\"name\":\"ASA Limpiezas\",\"description\":\"Servicio de limpieza y mantenimiento\",\"publisher\":{\"@id\":\"https:\\\/\\\/www.asalimpiezas.com\\\/#organization\"},\"potentialAction\":[{\"@type\":\"SearchAction\",\"target\":{\"@type\":\"EntryPoint\",\"urlTemplate\":\"https:\\\/\\\/www.asalimpiezas.com\\\/?s={search_term_string}\"},\"query-input\":{\"@type\":\"PropertyValueSpecification\",\"valueRequired\":true,\"valueName\":\"search_term_string\"}}],\"inLanguage\":\"es\"},{\"@type\":\"Organization\",\"@id\":\"https:\\\/\\\/www.asalimpiezas.com\\\/#organization\",\"name\":\"ASA Limpiezas\",\"url\":\"https:\\\/\\\/www.asalimpiezas.com\\\/\",\"logo\":{\"@type\":\"ImageObject\",\"inLanguage\":\"es\",\"@id\":\"https:\\\/\\\/www.asalimpiezas.com\\\/#\\\/schema\\\/logo\\\/image\\\/\",\"url\":\"https:\\\/\\\/www.asalimpiezas.com\\\/wp-content\\\/uploads\\\/2021\\\/01\\\/header_logo_300x200.png\",\"contentUrl\":\"https:\\\/\\\/www.asalimpiezas.com\\\/wp-content\\\/uploads\\\/2021\\\/01\\\/header_logo_300x200.png\",\"width\":300,\"height\":200,\"caption\":\"ASA Limpiezas\"},\"image\":{\"@id\":\"https:\\\/\\\/www.asalimpiezas.com\\\/#\\\/schema\\\/logo\\\/image\\\/\"}}]}<\/script>\n<!-- \/ Yoast SEO plugin. -->","yoast_head_json":{"title":"- ASA Limpiezas","robots":{"index":"noindex","follow":"follow"},"og_locale":"es_ES","og_type":"article","og_title":"- ASA Limpiezas","og_description":"DESINFECCI\u00d3N CON OZONO El tratamiento de limpieza y desinfecci\u00f3n con Ozono garantiza la eliminaci\u00f3n de todo tipo de virus, bacterias, hongos, al\u00e9rgenos y agentes contaminantes; as\u00ed como tambi\u00e9n, la purificaci\u00f3n ...","og_url":"https:\/\/www.asalimpiezas.com\/index.php\/nuestros-servicios\/","og_site_name":"ASA Limpiezas","article_modified_time":"2021-01-15T11:24:40+00:00","og_image":[{"width":900,"height":900,"url":"https:\/\/www.asalimpiezas.com\/wp-content\/uploads\/2021\/01\/96084296_3401509469883145_5959783382563946496_n.jpg","type":"image\/jpeg"}],"twitter_card":"summary_large_image","twitter_misc":{"Tiempo de lectura":"3 minutos"},"schema":{"@context":"https:\/\/schema.org","@graph":[{"@type":"WebPage","@id":"https:\/\/www.asalimpiezas.com\/index.php\/nuestros-servicios\/","url":"https:\/\/www.asalimpiezas.com\/index.php\/nuestros-servicios\/","name":"- ASA Limpiezas","isPartOf":{"@id":"https:\/\/www.asalimpiezas.com\/#website"},"primaryImageOfPage":{"@id":"https:\/\/www.asalimpiezas.com\/index.php\/nuestros-servicios\/#primaryimage"},"image":{"@id":"https:\/\/www.asalimpiezas.com\/index.php\/nuestros-servicios\/#primaryimage"},"thumbnailUrl":"https:\/\/www.asalimpiezas.com\/wp-content\/uploads\/2021\/01\/96084296_3401509469883145_5959783382563946496_n.jpg","datePublished":"2021-01-13T11:55:14+00:00","dateModified":"2021-01-15T11:24:40+00:00","inLanguage":"es","potentialAction":[{"@type":"ReadAction","target":["https:\/\/www.asalimpiezas.com\/index.php\/nuestros-servicios\/"]}]},{"@type":"ImageObject","inLanguage":"es","@id":"https:\/\/www.asalimpiezas.com\/index.php\/nuestros-servicios\/#primaryimage","url":"https:\/\/www.asalimpiezas.com\/wp-content\/uploads\/2021\/01\/96084296_3401509469883145_5959783382563946496_n.jpg","contentUrl":"https:\/\/www.asalimpiezas.com\/wp-content\/uploads\/2021\/01\/96084296_3401509469883145_5959783382563946496_n.jpg","width":900,"height":900},{"@type":"WebSite","@id":"https:\/\/www.asalimpiezas.com\/#website","url":"https:\/\/www.asalimpiezas.com\/","name":"ASA Limpiezas","description":"Servicio de limpieza y mantenimiento","publisher":{"@id":"https:\/\/www.asalimpiezas.com\/#organization"},"potentialAction":[{"@type":"SearchAction","target":{"@type":"EntryPoint","urlTemplate":"https:\/\/www.asalimpiezas.com\/?s={search_term_string}"},"query-input":{"@type":"PropertyValueSpecification","valueRequired":true,"valueName":"search_term_string"}}],"inLanguage":"es"},{"@type":"Organization","@id":"https:\/\/www.asalimpiezas.com\/#organization","name":"ASA Limpiezas","url":"https:\/\/www.asalimpiezas.com\/","logo":{"@type":"ImageObject","inLanguage":"es","@id":"https:\/\/www.asalimpiezas.com\/#\/schema\/logo\/image\/","url":"https:\/\/www.asalimpiezas.com\/wp-content\/uploads\/2021\/01\/header_logo_300x200.png","contentUrl":"https:\/\/www.asalimpiezas.com\/wp-content\/uploads\/2021\/01\/header_logo_300x200.png","width":300,"height":200,"caption":"ASA Limpiezas"},"image":{"@id":"https:\/\/www.asalimpiezas.com\/#\/schema\/logo\/image\/"}}]}},"_links":{"self":[{"href":"https:\/\/www.asalimpiezas.com\/index.php\/wp-json\/wp\/v2\/pages\/26","targetHints":{"allow":["GET"]}}],"collection":[{"href":"https:\/\/www.asalimpiezas.com\/index.php\/wp-json\/wp\/v2\/pages"}],"about":[{"href":"https:\/\/www.asalimpiezas.com\/index.php\/wp-json\/wp\/v2\/types\/page"}],"author":[{"embeddable":true,"href":"https:\/\/www.asalimpiezas.com\/index.php\/wp-json\/wp\/v2\/users\/1"}],"replies":[{"embeddable":true,"href":"https:\/\/www.asalimpiezas.com\/index.php\/wp-json\/wp\/v2\/comments?post=26"}],"version-history":[{"count":4,"href":"https:\/\/www.asalimpiezas.com\/index.php\/wp-json\/wp\/v2\/pages\/26\/revisions"}],"predecessor-version":[{"id":84,"href":"https:\/\/www.asalimpiezas.com\/index.php\/wp-json\/wp\/v2\/pages\/26\/revisions\/84"}],"wp:attachment":[{"href":"https:\/\/www.asalimpiezas.com\/index.php\/wp-json\/wp\/v2\/media?parent=26"}],"curies":[{"name":"wp","href":"https:\/\/api.w.org\/{rel}","templated":true}]}}